{"id":2313,"date":"2023-10-02T21:54:06","date_gmt":"2023-10-02T19:54:06","guid":{"rendered":"https:\/\/k\u00f6pfef\u00fcrreutlingen.de\/?page_id=2313"},"modified":"2025-07-23T09:10:32","modified_gmt":"2025-07-23T07:10:32","slug":"news","status":"publish","type":"page","link":"https:\/\/k\u00f6pfef\u00fcrreutlingen.de\/?page_id=2313","title":{"rendered":"NEUIGKEITEN"},"content":{"rendered":"<p><div class=\"fusion-fullwidth fullwidth-box fusion-builder-row-1 fusion-flex-container nonhundred-percent-fullwidth non-hundred-percent-height-scrolling\" style=\"background-color: rgba(255,255,255,0);background-position: center center;background-repeat: no-repeat;border-width: 0px 0px 0px 0px;border-color:#eae9e9;border-style:solid;\" ><div class=\"fusion-builder-row fusion-row fusion-flex-align-items-flex-start\" style=\"max-width:1216.8px;margin-left: calc(-4% \/ 2 );margin-right: calc(-4% \/ 2 );\"><div class=\"fusion-layout-column fusion_builder_column fusion-builder-column-0 fusion_builder_column_2_3 2_3 fusion-flex-column\"><div class=\"fusion-column-wrapper fusion-flex-justify-content-center fusion-content-layout-column\" style=\"background-position:left top;background-repeat:no-repeat;-webkit-background-size:cover;-moz-background-size:cover;-o-background-size:cover;background-size:cover;padding: 41px 0px 0px 0px;\"><div class=\"fusion-slider-sc\"><div class=\"fusion-flexslider-loading flexslider flexslider-hover-type-none\" data-slideshow_autoplay=\"1\" data-slideshow_smooth_height=\"0\" data-slideshow_speed=\"7000\" style=\"max-width:100%;height:100%;\"><ul class=\"slides\"><li class=\"image\"><span class=\"fusion-image-hover-element hover-type-none\"><img decoding=\"async\" src=\"https:\/\/k\u00f6pfef\u00fcrreutlingen.de\/wp-content\/uploads\/2025\/07\/PHOTO-2025-07-22-14-15-39-scaled-e1753252850820-1024x943.jpg\" width=\"1024\" height=\"943\" class=\"wp-image-2353\" srcset=\"https:\/\/k\u00f6pfef\u00fcrreutlingen.de\/wp-content\/uploads\/2025\/07\/PHOTO-2025-07-22-14-15-39-scaled-e1753252850820-200x184.jpg 200w, https:\/\/k\u00f6pfef\u00fcrreutlingen.de\/wp-content\/uploads\/2025\/07\/PHOTO-2025-07-22-14-15-39-scaled-e1753252850820-400x368.jpg 400w, https:\/\/k\u00f6pfef\u00fcrreutlingen.de\/wp-content\/uploads\/2025\/07\/PHOTO-2025-07-22-14-15-39-scaled-e1753252850820-600x552.jpg 600w, https:\/\/k\u00f6pfef\u00fcrreutlingen.de\/wp-content\/uploads\/2025\/07\/PHOTO-2025-07-22-14-15-39-scaled-e1753252850820-800x736.jpg 800w, https:\/\/k\u00f6pfef\u00fcrreutlingen.de\/wp-content\/uploads\/2025\/07\/PHOTO-2025-07-22-14-15-39-scaled-e1753252850820.jpg 1182w\" sizes=\"(max-width: 1024px) 100vw, (max-width: 850px) 100vw, 800px\" \/><\/span><\/li><li class=\"image\"><span class=\"fusion-image-hover-element hover-type-none\"><img decoding=\"async\" src=\"https:\/\/k\u00f6pfef\u00fcrreutlingen.de\/wp-content\/uploads\/2025\/07\/PHOTO-2025-07-22-14-15-39-1-scaled-e1753252954893-1024x1016.jpg\" width=\"1024\" height=\"1016\" class=\"wp-image-2354\" srcset=\"https:\/\/k\u00f6pfef\u00fcrreutlingen.de\/wp-content\/uploads\/2025\/07\/PHOTO-2025-07-22-14-15-39-1-scaled-e1753252954893-200x198.jpg 200w, https:\/\/k\u00f6pfef\u00fcrreutlingen.de\/wp-content\/uploads\/2025\/07\/PHOTO-2025-07-22-14-15-39-1-scaled-e1753252954893-400x397.jpg 400w, https:\/\/k\u00f6pfef\u00fcrreutlingen.de\/wp-content\/uploads\/2025\/07\/PHOTO-2025-07-22-14-15-39-1-scaled-e1753252954893-600x595.jpg 600w, https:\/\/k\u00f6pfef\u00fcrreutlingen.de\/wp-content\/uploads\/2025\/07\/PHOTO-2025-07-22-14-15-39-1-scaled-e1753252954893-800x794.jpg 800w, https:\/\/k\u00f6pfef\u00fcrreutlingen.de\/wp-content\/uploads\/2025\/07\/PHOTO-2025-07-22-14-15-39-1-scaled-e1753252954893.jpg 1182w\" sizes=\"(max-width: 1024px) 100vw, (max-width: 850px) 100vw, 800px\" \/><\/span><\/li><\/ul><\/div><\/div><\/div><style type=\"text\/css\">.fusion-body .fusion-builder-column-0{width:66.666666666667% !important;margin-top : 0px;margin-bottom : 0px;}.fusion-builder-column-0 > .fusion-column-wrapper {padding-top : 41px !important;padding-right : 0px !important;margin-right : 2.88%;padding-bottom : 0px !important;padding-left : 0px !important;margin-left : 2.88%;}@media only screen and (max-width:1024px) {.fusion-body .fusion-builder-column-0{width:100% !important;order : 0;}.fusion-builder-column-0 > .fusion-column-wrapper {margin-right : 1.92%;margin-left : 1.92%;}}@media only screen and (max-width:850px) {.fusion-body .fusion-builder-column-0{width:100% !important;order : 0;}.fusion-builder-column-0 > .fusion-column-wrapper {margin-right : 1.92%;margin-left : 1.92%;}}<\/style><\/div><div class=\"fusion-layout-column fusion_builder_column fusion-builder-column-1 fusion_builder_column_1_3 1_3 fusion-flex-column\"><div class=\"fusion-column-wrapper fusion-flex-justify-content-flex-start fusion-content-layout-column\" style=\"background-position:left top;background-repeat:no-repeat;-webkit-background-size:cover;-moz-background-size:cover;-o-background-size:cover;background-size:cover;padding: 0px 0px 0px 0px;\"><style type=\"text\/css\">@media only screen and (max-width:1024px) {.fusion-title.fusion-title-1{margin-top:0px!important; margin-right:0px!important;margin-bottom:0px!important;margin-left:0px!important;}}@media only screen and (max-width:850px) {.fusion-title.fusion-title-1{margin-top:10px!important; margin-right:0px!important;margin-bottom:10px!important; margin-left:0px!important;}}<\/style><div class=\"fusion-title title fusion-title-1 fusion-title-text fusion-title-size-one\" style=\"margin-top:0px;margin-right:0px;margin-bottom:0px;margin-left:0px;\"><div class=\"title-sep-container title-sep-container-left fusion-no-large-visibility fusion-no-medium-visibility fusion-no-small-visibility\"><div class=\"title-sep sep-single sep-solid\" style=\"border-color:#e0dede;\"><\/div><\/div><span class=\"awb-title-spacer fusion-no-large-visibility fusion-no-medium-visibility fusion-no-small-visibility\"><\/span><h1 class=\"title-heading-left\" style=\"margin:0;\">Diner en blanc auf dem Marktplatz 2025<\/h1><span class=\"awb-title-spacer\"><\/span><div class=\"title-sep-container title-sep-container-right\"><div class=\"title-sep sep-single sep-solid\" style=\"border-color:#e0dede;\"><\/div><\/div><\/div><div class=\"fusion-text fusion-text-1\"><p>Das D\u00eener en blanc am 18.07.2025 war ein voller Erfolg \u2013 mit vielen lieben Menschen, schw\u00e4bischen Leckereien, Musik und einem Cr\u00eapes-Stand, der f\u00fcr s\u00fc\u00dfe Highlights sorgte. Der Reutlinger Marktplatz erstrahlte in sommerlichem Wei\u00df, \u00fcberall fr\u00f6hliche Gesichter, liebevoll dekorierte Picknicktische und ein wunderbares Miteinander.<\/p>\n<p>Danke an alle, die dabei waren und diesen Abend so besonders gemacht haben! Wir freuen uns schon aufs n\u00e4chste Mal.<\/p>\n<\/div><\/div><style type=\"text\/css\">.fusion-body .fusion-builder-column-1{width:33.333333333333% !important;margin-top : 0px;margin-bottom : 20px;}.fusion-builder-column-1 > .fusion-column-wrapper {padding-top : 0px !important;padding-right : 0px !important;margin-right : 5.76%;padding-bottom : 0px !important;padding-left : 0px !important;margin-left : 5.76%;}@media only screen and (max-width:1024px) {.fusion-body .fusion-builder-column-1{width:100% !important;order : 0;}.fusion-builder-column-1 > .fusion-column-wrapper {margin-right : 1.92%;margin-left : 1.92%;}}@media only screen and (max-width:850px) {.fusion-body .fusion-builder-column-1{width:100% !important;order : 0;}.fusion-builder-column-1 > .fusion-column-wrapper {margin-right : 1.92%;margin-left : 1.92%;}}<\/style><\/div><\/div><style type=\"text\/css\">.fusion-body .fusion-flex-container.fusion-builder-row-1{ padding-top : 0px;margin-top : 0px;padding-right : 0px;padding-bottom : 0px;margin-bottom : 0px;padding-left : 0px;}<\/style><\/div><div class=\"fusion-fullwidth fullwidth-box fusion-builder-row-2 fusion-flex-container nonhundred-percent-fullwidth non-hundred-percent-height-scrolling\" style=\"background-color: rgba(255,255,255,0);background-position: center center;background-repeat: no-repeat;border-width: 0px 0px 0px 0px;border-color:#eae9e9;border-style:solid;\" ><div class=\"fusion-builder-row fusion-row fusion-flex-align-items-flex-start\" style=\"max-width:1216.8px;margin-left: calc(-4% \/ 2 );margin-right: calc(-4% \/ 2 );\"><div class=\"fusion-layout-column fusion_builder_column fusion-builder-column-2 fusion_builder_column_2_3 2_3 fusion-flex-column\"><div class=\"fusion-column-wrapper fusion-flex-justify-content-center fusion-content-layout-column\" style=\"background-position:left top;background-repeat:no-repeat;-webkit-background-size:cover;-moz-background-size:cover;-o-background-size:cover;background-size:cover;padding: 41px 0px 0px 0px;\"><div class=\"fusion-slider-sc\"><div class=\"fusion-flexslider-loading flexslider flexslider-hover-type-none\" data-slideshow_autoplay=\"1\" data-slideshow_smooth_height=\"0\" data-slideshow_speed=\"7000\" style=\"max-width:100%;height:100%;\"><ul class=\"slides\"><li class=\"image\"><span class=\"fusion-image-hover-element hover-type-none\"><img decoding=\"async\" src=\"https:\/\/k\u00f6pfef\u00fcrreutlingen.de\/wp-content\/uploads\/2023\/11\/06_Ko\u2560epfe-Lounge_Dr-Fiedler_11-23-min-800x533.jpg\" width=\"800\" height=\"533\" class=\"wp-image-2330\" srcset=\"https:\/\/k\u00f6pfef\u00fcrreutlingen.de\/wp-content\/uploads\/2023\/11\/06_Ko\u2560epfe-Lounge_Dr-Fiedler_11-23-min-200x133.jpg 200w, https:\/\/k\u00f6pfef\u00fcrreutlingen.de\/wp-content\/uploads\/2023\/11\/06_Ko\u2560epfe-Lounge_Dr-Fiedler_11-23-min-400x267.jpg 400w, https:\/\/k\u00f6pfef\u00fcrreutlingen.de\/wp-content\/uploads\/2023\/11\/06_Ko\u2560epfe-Lounge_Dr-Fiedler_11-23-min-600x400.jpg 600w, https:\/\/k\u00f6pfef\u00fcrreutlingen.de\/wp-content\/uploads\/2023\/11\/06_Ko\u2560epfe-Lounge_Dr-Fiedler_11-23-min-800x533.jpg 800w, https:\/\/k\u00f6pfef\u00fcrreutlingen.de\/wp-content\/uploads\/2023\/11\/06_Ko\u2560epfe-Lounge_Dr-Fiedler_11-23-min-1200x800.jpg 1200w\" sizes=\"(max-width: 1024px) 100vw, (max-width: 850px) 100vw, 800px\" \/><\/span><\/li><li class=\"image\"><span class=\"fusion-image-hover-element hover-type-none\"><img decoding=\"async\" src=\"https:\/\/k\u00f6pfef\u00fcrreutlingen.de\/wp-content\/uploads\/2023\/11\/12_Ko\u2560epfe-Lounge_Dr-Fiedler_11-23-min-800x533.jpg\" width=\"800\" height=\"533\" class=\"wp-image-2334\" srcset=\"https:\/\/k\u00f6pfef\u00fcrreutlingen.de\/wp-content\/uploads\/2023\/11\/12_Ko\u2560epfe-Lounge_Dr-Fiedler_11-23-min-200x133.jpg 200w, https:\/\/k\u00f6pfef\u00fcrreutlingen.de\/wp-content\/uploads\/2023\/11\/12_Ko\u2560epfe-Lounge_Dr-Fiedler_11-23-min-400x267.jpg 400w, https:\/\/k\u00f6pfef\u00fcrreutlingen.de\/wp-content\/uploads\/2023\/11\/12_Ko\u2560epfe-Lounge_Dr-Fiedler_11-23-min-600x400.jpg 600w, https:\/\/k\u00f6pfef\u00fcrreutlingen.de\/wp-content\/uploads\/2023\/11\/12_Ko\u2560epfe-Lounge_Dr-Fiedler_11-23-min-800x533.jpg 800w, https:\/\/k\u00f6pfef\u00fcrreutlingen.de\/wp-content\/uploads\/2023\/11\/12_Ko\u2560epfe-Lounge_Dr-Fiedler_11-23-min-1200x800.jpg 1200w\" sizes=\"(max-width: 1024px) 100vw, (max-width: 850px) 100vw, 800px\" \/><\/span><\/li><li class=\"image\"><span class=\"fusion-image-hover-element hover-type-none\"><img decoding=\"async\" src=\"https:\/\/k\u00f6pfef\u00fcrreutlingen.de\/wp-content\/uploads\/2023\/11\/07_Ko\u2560epfe-Lounge_Dr-Fiedler_11-23-min-800x533.jpg\" width=\"800\" height=\"533\" class=\"wp-image-2331\" srcset=\"https:\/\/k\u00f6pfef\u00fcrreutlingen.de\/wp-content\/uploads\/2023\/11\/07_Ko\u2560epfe-Lounge_Dr-Fiedler_11-23-min-200x133.jpg 200w, https:\/\/k\u00f6pfef\u00fcrreutlingen.de\/wp-content\/uploads\/2023\/11\/07_Ko\u2560epfe-Lounge_Dr-Fiedler_11-23-min-400x267.jpg 400w, https:\/\/k\u00f6pfef\u00fcrreutlingen.de\/wp-content\/uploads\/2023\/11\/07_Ko\u2560epfe-Lounge_Dr-Fiedler_11-23-min-600x400.jpg 600w, https:\/\/k\u00f6pfef\u00fcrreutlingen.de\/wp-content\/uploads\/2023\/11\/07_Ko\u2560epfe-Lounge_Dr-Fiedler_11-23-min-800x533.jpg 800w, https:\/\/k\u00f6pfef\u00fcrreutlingen.de\/wp-content\/uploads\/2023\/11\/07_Ko\u2560epfe-Lounge_Dr-Fiedler_11-23-min-1200x800.jpg 1200w\" sizes=\"(max-width: 1024px) 100vw, (max-width: 850px) 100vw, 800px\" \/><\/span><\/li><li class=\"image\"><span class=\"fusion-image-hover-element hover-type-none\"><img decoding=\"async\" src=\"https:\/\/k\u00f6pfef\u00fcrreutlingen.de\/wp-content\/uploads\/2023\/11\/03_Ko\u2560epfe-Lounge_Dr-Fiedler_11-23-min-800x533.jpg\" width=\"800\" height=\"533\" class=\"wp-image-2332\" srcset=\"https:\/\/k\u00f6pfef\u00fcrreutlingen.de\/wp-content\/uploads\/2023\/11\/03_Ko\u2560epfe-Lounge_Dr-Fiedler_11-23-min-200x133.jpg 200w, https:\/\/k\u00f6pfef\u00fcrreutlingen.de\/wp-content\/uploads\/2023\/11\/03_Ko\u2560epfe-Lounge_Dr-Fiedler_11-23-min-400x267.jpg 400w, https:\/\/k\u00f6pfef\u00fcrreutlingen.de\/wp-content\/uploads\/2023\/11\/03_Ko\u2560epfe-Lounge_Dr-Fiedler_11-23-min-600x400.jpg 600w, https:\/\/k\u00f6pfef\u00fcrreutlingen.de\/wp-content\/uploads\/2023\/11\/03_Ko\u2560epfe-Lounge_Dr-Fiedler_11-23-min-800x533.jpg 800w, https:\/\/k\u00f6pfef\u00fcrreutlingen.de\/wp-content\/uploads\/2023\/11\/03_Ko\u2560epfe-Lounge_Dr-Fiedler_11-23-min-1200x800.jpg 1200w\" sizes=\"(max-width: 1024px) 100vw, (max-width: 850px) 100vw, 800px\" \/><\/span><\/li><li class=\"image\"><span class=\"fusion-image-hover-element hover-type-none\"><img decoding=\"async\" src=\"https:\/\/k\u00f6pfef\u00fcrreutlingen.de\/wp-content\/uploads\/2023\/11\/04_Ko\u2560epfe-Lounge_Dr-Fiedler_11-23-min-800x533.jpg\" width=\"800\" height=\"533\" class=\"wp-image-2333\" srcset=\"https:\/\/k\u00f6pfef\u00fcrreutlingen.de\/wp-content\/uploads\/2023\/11\/04_Ko\u2560epfe-Lounge_Dr-Fiedler_11-23-min-200x133.jpg 200w, https:\/\/k\u00f6pfef\u00fcrreutlingen.de\/wp-content\/uploads\/2023\/11\/04_Ko\u2560epfe-Lounge_Dr-Fiedler_11-23-min-400x267.jpg 400w, https:\/\/k\u00f6pfef\u00fcrreutlingen.de\/wp-content\/uploads\/2023\/11\/04_Ko\u2560epfe-Lounge_Dr-Fiedler_11-23-min-600x400.jpg 600w, https:\/\/k\u00f6pfef\u00fcrreutlingen.de\/wp-content\/uploads\/2023\/11\/04_Ko\u2560epfe-Lounge_Dr-Fiedler_11-23-min-800x533.jpg 800w, https:\/\/k\u00f6pfef\u00fcrreutlingen.de\/wp-content\/uploads\/2023\/11\/04_Ko\u2560epfe-Lounge_Dr-Fiedler_11-23-min-1200x800.jpg 1200w\" sizes=\"(max-width: 1024px) 100vw, (max-width: 850px) 100vw, 800px\" \/><\/span><\/li><\/ul><\/div><\/div><\/div><style type=\"text\/css\">.fusion-body .fusion-builder-column-2{width:66.666666666667% !important;margin-top : 0px;margin-bottom : 0px;}.fusion-builder-column-2 > .fusion-column-wrapper {padding-top : 41px !important;padding-right : 0px !important;margin-right : 2.88%;padding-bottom : 0px !important;padding-left : 0px !important;margin-left : 2.88%;}@media only screen and (max-width:1024px) {.fusion-body .fusion-builder-column-2{width:100% !important;order : 0;}.fusion-builder-column-2 > .fusion-column-wrapper {margin-right : 1.92%;margin-left : 1.92%;}}@media only screen and (max-width:850px) {.fusion-body .fusion-builder-column-2{width:100% !important;order : 0;}.fusion-builder-column-2 > .fusion-column-wrapper {margin-right : 1.92%;margin-left : 1.92%;}}<\/style><\/div><div class=\"fusion-layout-column fusion_builder_column fusion-builder-column-3 fusion_builder_column_1_3 1_3 fusion-flex-column\"><div class=\"fusion-column-wrapper fusion-flex-justify-content-flex-start fusion-content-layout-column\" style=\"background-position:left top;background-repeat:no-repeat;-webkit-background-size:cover;-moz-background-size:cover;-o-background-size:cover;background-size:cover;padding: 0px 0px 0px 0px;\"><style type=\"text\/css\">@media only screen and (max-width:1024px) {.fusion-title.fusion-title-2{margin-top:0px!important; margin-right:0px!important;margin-bottom:0px!important;margin-left:0px!important;}}@media only screen and (max-width:850px) {.fusion-title.fusion-title-2{margin-top:10px!important; margin-right:0px!important;margin-bottom:10px!important; margin-left:0px!important;}}<\/style><div class=\"fusion-title title fusion-title-2 fusion-title-text fusion-title-size-one\" style=\"margin-top:0px;margin-right:0px;margin-bottom:0px;margin-left:0px;\"><div class=\"title-sep-container title-sep-container-left fusion-no-large-visibility fusion-no-medium-visibility fusion-no-small-visibility\"><div class=\"title-sep sep-single sep-solid\" style=\"border-color:#e0dede;\"><\/div><\/div><span class=\"awb-title-spacer fusion-no-large-visibility fusion-no-medium-visibility fusion-no-small-visibility\"><\/span><h1 class=\"title-heading-left\" style=\"margin:0;\">K\u00f6pfe-Lounge mit Landrat Dr. Ulrich Fiedler 27.11.23<\/h1><span class=\"awb-title-spacer\"><\/span><div class=\"title-sep-container title-sep-container-right\"><div class=\"title-sep sep-single sep-solid\" style=\"border-color:#e0dede;\"><\/div><\/div><\/div><div class=\"fusion-text fusion-text-2\"><p>Wir konnten einen enorm engagierten Landrat erleben. Insbesondere hat er uns und unseren G\u00e4sten einen Einblick in die Planungen des neuen Landratsamts gegeben. Besonders beeindruckend: Der Neubau findet auch in der Verwaltungsstruktur statt. Die Richtung: mehr B\u00fcrgern\u00e4he und neue F\u00fchrungskultur. Daf\u00fcr gab es viel Applaus. Und genauso in die pers\u00f6nlichen Einblicke, bei denen wir einen Landrat erleben durften, der sich als Familienmensch und leidenschaftlicher Heimatliebhaber gezeigt hat. Deshalb sicherte uns Dr. Fiedler auch seine volle Unterst\u00fctzung f\u00fcr unser Leitprojekt Biosph\u00e4ren-Markt- und Manufakturenhalle zu. Wir sagen Dankesch\u00f6n, es war ein klasse Abend und wir freuen uns auf eine ebensolche Zusammenarbeit mit Ihnen, lieber Herr Dr. Fiedler!<\/p>\n<\/div><\/div><style type=\"text\/css\">.fusion-body .fusion-builder-column-3{width:33.333333333333% !important;margin-top : 0px;margin-bottom : 20px;}.fusion-builder-column-3 > .fusion-column-wrapper {padding-top : 0px !important;padding-right : 0px !important;margin-right : 5.76%;padding-bottom : 0px !important;padding-left : 0px !important;margin-left : 5.76%;}@media only screen and (max-width:1024px) {.fusion-body .fusion-builder-column-3{width:100% !important;order : 0;}.fusion-builder-column-3 > .fusion-column-wrapper {margin-right : 1.92%;margin-left : 1.92%;}}@media only screen and (max-width:850px) {.fusion-body .fusion-builder-column-3{width:100% !important;order : 0;}.fusion-builder-column-3 > .fusion-column-wrapper {margin-right : 1.92%;margin-left : 1.92%;}}<\/style><\/div><\/div><style type=\"text\/css\">.fusion-body .fusion-flex-container.fusion-builder-row-2{ padding-top : 0px;margin-top : 0px;padding-right : 0px;padding-bottom : 0px;margin-bottom : 0px;padding-left : 0px;}<\/style><\/div><\/p>\n","protected":false},"excerpt":{"rendered":"","protected":false},"author":1,"featured_media":0,"parent":0,"menu_order":0,"comment_status":"closed","ping_status":"closed","template":"","meta":{"footnotes":""},"class_list":["post-2313","page","type-page","status-publish","hentry"],"_links":{"self":[{"href":"https:\/\/k\u00f6pfef\u00fcrreutlingen.de\/index.php?rest_route=\/wp\/v2\/pages\/2313","targetHints":{"allow":["GET"]}}],"collection":[{"href":"https:\/\/k\u00f6pfef\u00fcrreutlingen.de\/index.php?rest_route=\/wp\/v2\/pages"}],"about":[{"href":"https:\/\/k\u00f6pfef\u00fcrreutlingen.de\/index.php?rest_route=\/wp\/v2\/types\/page"}],"author":[{"embeddable":true,"href":"https:\/\/k\u00f6pfef\u00fcrreutlingen.de\/index.php?rest_route=\/wp\/v2\/users\/1"}],"replies":[{"embeddable":true,"href":"https:\/\/k\u00f6pfef\u00fcrreutlingen.de\/index.php?rest_route=%2Fwp%2Fv2%2Fcomments&post=2313"}],"version-history":[{"count":7,"href":"https:\/\/k\u00f6pfef\u00fcrreutlingen.de\/index.php?rest_route=\/wp\/v2\/pages\/2313\/revisions"}],"predecessor-version":[{"id":2358,"href":"https:\/\/k\u00f6pfef\u00fcrreutlingen.de\/index.php?rest_route=\/wp\/v2\/pages\/2313\/revisions\/2358"}],"wp:attachment":[{"href":"https:\/\/k\u00f6pfef\u00fcrreutlingen.de\/index.php?rest_route=%2Fwp%2Fv2%2Fmedia&parent=2313"}],"curies":[{"name":"wp","href":"https:\/\/api.w.org\/{rel}","templated":true}]}}