{"id":8,"date":"2015-02-20T20:12:00","date_gmt":"2015-02-20T19:12:00","guid":{"rendered":"http:\/\/avada.theme-fusion.com_demos\/law\/?page_id=8"},"modified":"2023-10-02T23:04:28","modified_gmt":"2023-10-02T21:04:28","slug":"home","status":"publish","type":"page","link":"https:\/\/k\u00f6pfef\u00fcrreutlingen.de\/?page_id=8","title":{"rendered":"UNSER PROJEKT"},"content":{"rendered":"<p><div class=\"fusion-fullwidth fullwidth-box fusion-builder-row-1 nonhundred-percent-fullwidth non-hundred-percent-height-scrolling\" style=\"background-color: #ffffff;background-position: center center;background-repeat: no-repeat;padding-top:0px;padding-right:0px;padding-bottom:0px;padding-left:0px;margin-bottom: 0px;margin-top: 0px;border-width: 0px 0px 0px 0px;border-color:#eae9e9;border-style:solid;\" ><div class=\"fusion-builder-row fusion-row\"><div class=\"fusion-layout-column fusion_builder_column fusion-builder-column-0 fusion_builder_column_1_3 1_3 fusion-one-third fusion-column-first\" style=\"width:33.333333333333%;width:calc(33.333333333333% - ( ( 4% + 4% ) * 0.33333333333333 ) );margin-right: 4%;margin-top:0px;margin-bottom:20px;\"><div class=\"fusion-column-wrapper fusion-flex-column-wrapper-legacy\" style=\"background-position:left top;background-repeat:no-repeat;-webkit-background-size:cover;-moz-background-size:cover;-o-background-size:cover;background-size:cover;background-color:#ffffff;border-width: 0px 0px 0px 0px;border-color:#ffeb3b;border-style:solid;padding: 0px 4px 4px 4px;\"><div class=\"fusion-text fusion-text-1\"><h2 style=\"text-align: center;\"><span style=\"color: #ffc107;\"><strong><br \/>\n<span style=\"color: #f7931e;\">Wer wir sind.<\/span><\/strong><\/span><\/h2>\n<hr \/>\n<p>Wir von <strong>K\u00f6pfe f\u00fcr Reutlingen<\/strong> sind Menschen, die in Reutlingen und der Region zu Hause sind. Und Menschen, die woanders herkommen, sich aber mit Reutlingen verbunden f\u00fchlen.<\/p>\n<p>Wir finden: Reutlingen kann auf eine stolze Geschichte als freie Reichsstadt und als florierende Industriestadt zur\u00fcckblicken. Auch heute hat Reutlingen eine Menge zu bieten: Es ist die einzige Gro\u00dfstadt zwischen der Schw\u00e4bischen Alb und der Metropole Stuttgart. Reutlingen ist zugleich urban <em>und <\/em>naturverbunden. Es ist eine tolle Einkaufsstadt, bietet Kultur und Lebensqualit\u00e4t.<\/p>\n<p>Aber wir finden: Reutlingen kann noch mehr.<\/p>\n<p>Wir meinen: Reutlingen braucht f\u00fcr seine Zukunft: Mehr Profil. Mehr Innovation. Und mehr Vitalit\u00e4t!<\/p>\n<\/div><div class=\"fusion-clearfix\"><\/div><\/div><\/div><div class=\"fusion-layout-column fusion_builder_column fusion-builder-column-1 fusion_builder_column_1_3 1_3 fusion-one-third\" style=\"width:33.333333333333%;width:calc(33.333333333333% - ( ( 4% + 4% ) * 0.33333333333333 ) );margin-right: 4%;margin-top:0px;margin-bottom:20px;\"><div class=\"fusion-column-wrapper fusion-flex-column-wrapper-legacy\" style=\"background-position:left top;background-repeat:no-repeat;-webkit-background-size:cover;-moz-background-size:cover;-o-background-size:cover;background-size:cover;border-width: 0px 0px 0px 0px;border-color:#e91e63;border-style:solid;padding: 0px 4px 4px 4px;\"><div class=\"fusion-text fusion-text-2\"><h2 style=\"text-align: center;\"><span style=\"color: #ffc107;\"><strong><br \/>\n<span style=\"color: #f7931e;\">Was wir wollen.<\/span><br \/>\n<\/strong><\/span><\/h2>\n<hr \/>\n<p>Wir von <strong>K\u00f6pfe f\u00fcr Reutlingen<\/strong> haben einen Traum: Stellt Euch mal vor, dass wir alle f\u00fcr Reutlingen Gesicht zeigen. Dass wir sagen: Wir identifizieren uns mit Reutlingen, wir sind stolz auf unsere Stadt und unsere Region.<\/p>\n<p>Wir wollen die gr\u00f6\u00dfte St\u00e4rke der Stadt und der Region ins Spiel bringen: all die vielen klugen, originellen und kreativen K\u00f6pfe, die es in und um Reutlingen gibt. Sie wollen wir zusammenbringen \u2013 das ist die Grundidee von <strong>K\u00f6pfe f\u00fcr Reutlingen<\/strong>.<\/p>\n<p>Stellt Euch vor, dass wir eine neue Offenheit schaffen. Dass wir in Zukunft unsere besten Ideen f\u00fcr Reutlingen austauschen. Dass wir gemeinsame Projekte entwickeln. Dass wir \u00a0zusammen an einem Strang ziehen.<\/p>\n<p>Damit wir noch mehr Lebensqualit\u00e4t, mehr Dynamik und mehr Vielfalt in Reutlingen erreichen.<\/p>\n<\/div><div class=\"fusion-clearfix\"><\/div><\/div><\/div><div class=\"fusion-layout-column fusion_builder_column fusion-builder-column-2 fusion_builder_column_1_3 1_3 fusion-one-third fusion-column-last\" style=\"width:33.333333333333%;width:calc(33.333333333333% - ( ( 4% + 4% ) * 0.33333333333333 ) );margin-top:0px;margin-bottom:20px;\"><div class=\"fusion-column-wrapper fusion-flex-column-wrapper-legacy\" style=\"background-position:left top;background-repeat:no-repeat;-webkit-background-size:cover;-moz-background-size:cover;-o-background-size:cover;background-size:cover;border-width: 0px 0px 0px 0px;border-color:#03a9f4;border-style:solid;padding: 0px 4px 4px 4px;\"><div class=\"fusion-text fusion-text-3\"><h2 style=\"text-align: center;\"><strong><span style=\"color: #ffc107;\"><br \/>\n<span style=\"color: #f7931e;\">Was wir tun.<\/span><\/span><br \/>\n<\/strong><\/h2>\n<hr \/>\n<p>Wir sind uns sicher: Unsere Vision f\u00fcr Reutlingen muss kein Traum bleiben. Damit sie Realit\u00e4t wird, haben wir einen Plan: Wir k\u00fcmmern uns jetzt <em>gemeinsam<\/em> um die Entwicklung unserer Stadt und Region!<\/p>\n<p>Daf\u00fcr organisieren wir ein Veranstaltungsprogramm. Mit Vortr\u00e4gen und Diskussionen, die uns auf neue Ideen f\u00fcr unseren Standort bringen. Aus den besten Ideen machen wir dann unser Zukunftskonzept, das wir gemeinsam umsetzen.<\/p>\n<p>Klar, dass wir auch f\u00fcr \u00d6ffentlichkeit sorgen: Wir berichten \u00fcber alle, die innovative Projekte in Reutlingen und unserer Region verwirklichen. In Gesellschaft, Kultur, Handel und Gastronomie.<\/p>\n<p>Und damit diese Projekte gelingen, beraten, begleiten und unterst\u00fctzen wir sie bei Bedarf.<\/p>\n<p>Neugierig? Dann melde Dich bei uns \u2013 wir sind gespannt, welche Idee Du hast. Gemeinsam mit Dir bringen wir Reutlingen voran!<\/p>\n<\/div><div class=\"fusion-clearfix\"><\/div><\/div><\/div><\/div><\/div><div class=\"fusion-fullwidth fullwidth-box fusion-builder-row-2 nonhundred-percent-fullwidth non-hundred-percent-height-scrolling fusion-equal-height-columns\" style=\"background-color: #bcbcbc;background-position: left top;background-repeat: no-repeat;padding-top:75px;padding-right:0px;padding-bottom:35px;padding-left:0px;margin-bottom: 0px;margin-top: 0px;border-width: 0px 0px 0px 0px;border-color:#eae9e9;border-style:solid;\" ><div class=\"fusion-builder-row fusion-row\"><div class=\"fusion-layout-column fusion_builder_column fusion-builder-column-3 fusion_builder_column_3_4 3_4 fusion-three-fourth fusion-column-first\" style=\"width:74%; margin-right: 4%;margin-top:0px;margin-bottom:20px;\"><div class=\"fusion-column-wrapper fusion-flex-column-wrapper-legacy\" style=\"background-position:left top;background-repeat:no-repeat;-webkit-background-size:cover;-moz-background-size:cover;-o-background-size:cover;background-size:cover;padding: 0px 0px 0px 0px;\"><div class=\"fusion-sep-clear\"><\/div><div class=\"fusion-separator fusion-full-width-sep\" style=\"margin-left: auto;margin-right: auto;margin-top:10px;width:100%;\"><\/div><div class=\"fusion-sep-clear\"><\/div><div class=\"fusion-text fusion-text-4\"><h2><span style=\"color: #ffffff;\">FRAGEN ZU UNSEREM PROJEKT?<\/span><\/h2>\n<\/div><div class=\"fusion-clearfix\"><\/div><\/div><\/div><div class=\"fusion-layout-column fusion_builder_column fusion-builder-column-4 fusion_builder_column_1_4 1_4 fusion-one-fourth fusion-column-last\" style=\"width:22%;margin-top:0px;margin-bottom:20px;\"><div class=\"fusion-column-wrapper fusion-flex-column-wrapper-legacy\" style=\"background-position:left top;background-repeat:no-repeat;-webkit-background-size:cover;-moz-background-size:cover;-o-background-size:cover;background-size:cover;padding: 0px 0px 0px 0px;\"><div class=\"fusion-button-wrapper\"><style>.fusion-body .fusion-button.button-1{border-color:#ffffff;border-width:2px 2px 2px 2px;border-radius:0px 0px 0px 0px;background:#f7931e;}.fusion-body .fusion-button.button-1 .fusion-button-text,.fusion-body .fusion-button.button-1 i,.fusion-body .fusion-button.button-1:hover .fusion-button-text,.fusion-body .fusion-button.button-1:hover i,.fusion-body .fusion-button.button-1:focus .fusion-button-text,.fusion-body .fusion-button.button-1:focus i,.fusion-body .fusion-button.button-1:active .fusion-button-text,.fusion-body .fusion-button.button-1:active i{color:#ffffff;}.fusion-body .fusion-button.button-1:hover,.fusion-body .fusion-button.button-1:active,.fusion-body .fusion-button.button-1:focus{border-color:#ffffff;border-width:2px 2px 2px 2px;background:#ffa826;background-image:linear-gradient(180deg,#ffa826 0%,#ffb84f 100%);}<\/style><a class=\"fusion-button button-flat fusion-button-default-size button-custom button-1 fusion-button-default-span fusion-button-default-type\" target=\"_self\" href=\"https:\/\/k\u00f6pfef\u00fcrreutlingen.de\/?page_id=744\"><span class=\"fusion-button-text\">KONTAKT<\/span><\/a><\/div><div class=\"fusion-clearfix\"><\/div><\/div><\/div><\/div><\/div><\/p>\n","protected":false},"excerpt":{"rendered":"","protected":false},"author":1,"featured_media":0,"parent":0,"menu_order":0,"comment_status":"open","ping_status":"closed","template":"100-width.php","meta":{"footnotes":""},"class_list":["post-8","page","type-page","status-publish","hentry"],"_links":{"self":[{"href":"https:\/\/k\u00f6pfef\u00fcrreutlingen.de\/index.php?rest_route=\/wp\/v2\/pages\/8","targetHints":{"allow":["GET"]}}],"collection":[{"href":"https:\/\/k\u00f6pfef\u00fcrreutlingen.de\/index.php?rest_route=\/wp\/v2\/pages"}],"about":[{"href":"https:\/\/k\u00f6pfef\u00fcrreutlingen.de\/index.php?rest_route=\/wp\/v2\/types\/page"}],"author":[{"embeddable":true,"href":"https:\/\/k\u00f6pfef\u00fcrreutlingen.de\/index.php?rest_route=\/wp\/v2\/users\/1"}],"replies":[{"embeddable":true,"href":"https:\/\/k\u00f6pfef\u00fcrreutlingen.de\/index.php?rest_route=%2Fwp%2Fv2%2Fcomments&post=8"}],"version-history":[{"count":87,"href":"https:\/\/k\u00f6pfef\u00fcrreutlingen.de\/index.php?rest_route=\/wp\/v2\/pages\/8\/revisions"}],"predecessor-version":[{"id":2322,"href":"https:\/\/k\u00f6pfef\u00fcrreutlingen.de\/index.php?rest_route=\/wp\/v2\/pages\/8\/revisions\/2322"}],"wp:attachment":[{"href":"https:\/\/k\u00f6pfef\u00fcrreutlingen.de\/index.php?rest_route=%2Fwp%2Fv2%2Fmedia&parent=8"}],"curies":[{"name":"wp","href":"https:\/\/api.w.org\/{rel}","templated":true}]}}